{"id":3829,"date":"2024-12-03T11:05:48","date_gmt":"2024-12-03T11:05:48","guid":{"rendered":"https:\/\/dev.btisolatsioon.ee\/?page_id=3829"},"modified":"2025-03-10T02:55:17","modified_gmt":"2025-03-10T02:55:17","slug":"peltipaallysteet-ja-peltityot","status":"publish","type":"page","link":"https:\/\/btisolatsioon.ee\/fi\/peltipaallysteet-ja-peltityot\/","title":{"rendered":"Peltip\u00e4\u00e4llysteet ja Peltity\u00f6t"},"content":{"rendered":"\t\t<div data-elementor-type=\"wp-page\" data-elementor-id=\"3829\" class=\"elementor elementor-3829 elementor-1306\">\n\t\t\t\t<div class=\"elementor-element elementor-element-81fa66b e-flex e-con-boxed e-con e-parent\" data-id=\"81fa66b\" data-element_type=\"container\" data-e-type=\"container\" data-settings=\"{&quot;background_background&quot;:&quot;classic&quot;,&quot;jet_parallax_layout_list&quot;:[]}\">\n\t\t\t\t\t<div class=\"e-con-inner\">\n\t\t\t\t<div class=\"elementor-element elementor-element-dcc1f4d elementor-align-center elementor-invisible elementor-widget elementor-widget-raven-heading\" data-id=\"dcc1f4d\" data-element_type=\"widget\" data-e-type=\"widget\" data-settings=\"{&quot;_animation&quot;:&quot;slideInLeft&quot;}\" data-widget_type=\"raven-heading.default\">\n\t\t\t\t<div class=\"elementor-widget-container\">\n\t\t\t\t\t\t\t<div class=\"raven-widget-wrapper\"><h1 class=\"raven-heading raven-heading-h1\"><span class=\"raven-heading-title \">Korkealaatuiset eristeiden peltip\u00e4\u00e4llysteet ja peltity\u00f6t<\/span><\/h1><\/div>\n\t\t\t\t\t\t<\/div>\n\t\t\t\t<\/div>\n\t\t\t\t\t<\/div>\n\t\t\t\t<\/div>\n\t\t<div class=\"elementor-element elementor-element-55c510c e-flex e-con-boxed e-con e-parent\" data-id=\"55c510c\" data-element_type=\"container\" data-e-type=\"container\" data-settings=\"{&quot;jet_parallax_layout_list&quot;:[]}\">\n\t\t\t\t\t<div class=\"e-con-inner\">\n\t\t\t\t<div class=\"elementor-element elementor-element-ef9d171 elementor-widget elementor-widget-heading\" data-id=\"ef9d171\" data-element_type=\"widget\" data-e-type=\"widget\" data-widget_type=\"heading.default\">\n\t\t\t\t<div class=\"elementor-widget-container\">\n\t\t\t\t\t<h2 class=\"elementor-heading-title elementor-size-default\">Kokonaisvaltaiset ratkaisut eristeiden peltip\u00e4\u00e4llysteille ja peltit\u00f6ille<\/h2>\t\t\t\t<\/div>\n\t\t\t\t<\/div>\n\t\t\t\t<div class=\"elementor-element elementor-element-3566f11 elementor-widget elementor-widget-text-editor\" data-id=\"3566f11\" data-element_type=\"widget\" data-e-type=\"widget\" data-widget_type=\"text-editor.default\">\n\t\t\t\t<div class=\"elementor-widget-container\">\n\t\t\t\t\t\t\t\t\t<p>Tallinnan l\u00e4hell\u00e4 Laagrissa sijaitsee 1 000 m\u00b2 kokoinen nykyaikainen peltiverstas, joka on varustettu edistyneell\u00e4 teknologialla ja keskittyy korkealaatuisten ilmanvaihtokanavien ja eristeiden peltip\u00e4\u00e4llysteiden valmistukseen. Olemme erikoistuneet tuotteisiin, jotka t\u00e4ytt\u00e4v\u00e4t sek\u00e4 teollisuuden ett\u00e4 kotitalouksien korkeimmat standardit. Kokeneet ammattilaisemme valmistavat pellit tarkasti tarpeidesi mukaan.<\/p>\t\t\t\t\t\t\t\t<\/div>\n\t\t\t\t<\/div>\n\t\t\t\t<div class=\"elementor-element elementor-element-e329b67 elementor-widget elementor-widget-heading\" data-id=\"e329b67\" data-element_type=\"widget\" data-e-type=\"widget\" data-widget_type=\"heading.default\">\n\t\t\t\t<div class=\"elementor-widget-container\">\n\t\t\t\t\t<h2 class=\"elementor-heading-title elementor-size-default\">P\u00e4\u00e4tuotteemme ja -palvelumme<\/h2>\t\t\t\t<\/div>\n\t\t\t\t<\/div>\n\t\t\t\t<div class=\"elementor-element elementor-element-b4b910c elementor-widget elementor-widget-text-editor\" data-id=\"b4b910c\" data-element_type=\"widget\" data-e-type=\"widget\" data-widget_type=\"text-editor.default\">\n\t\t\t\t<div class=\"elementor-widget-container\">\n\t\t\t\t\t\t\t\t\t<ol><li><strong>Peltip\u00e4\u00e4llysteet l\u00e4mmitys- ja vesiputkille:<\/strong> Suojaavat putkia mekaanisilta vaurioilta ja s\u00e4\u00e4olosuhteilta, taaten luotettavuuden ja pitk\u00e4n k\u00e4ytt\u00f6i\u00e4n.<\/li><li><strong>Peltip\u00e4\u00e4llysteet ilmanvaihtokanaville:<\/strong> Varmistavat ilmanvaihtoj\u00e4rjestelmien energiatehokkuuden ja suojaavat eristeit\u00e4 vaurioilta.<\/li><li><strong>R\u00e4\u00e4t\u00e4l\u00f6idyt suorakulmaiset kanavat ja tarvikkeet:<\/strong> Valmistamme mittatilausty\u00f6n\u00e4 ilmanvaihto- ja putkistoj\u00e4rjestelmi\u00e4, jotka vastaavat tarkasti projektin vaatimuksiin.<\/li><\/ol>\t\t\t\t\t\t\t\t<\/div>\n\t\t\t\t<\/div>\n\t\t\t\t<div class=\"elementor-element elementor-element-4b877a3 elementor-widget elementor-widget-heading\" data-id=\"4b877a3\" data-element_type=\"widget\" data-e-type=\"widget\" data-widget_type=\"heading.default\">\n\t\t\t\t<div class=\"elementor-widget-container\">\n\t\t\t\t\t<h2 class=\"elementor-heading-title elementor-size-default\">Miksi valita BTI:n Peltiverstas?<\/h2>\t\t\t\t<\/div>\n\t\t\t\t<\/div>\n\t\t\t\t<div class=\"elementor-element elementor-element-0f85ade elementor-widget elementor-widget-text-editor\" data-id=\"0f85ade\" data-element_type=\"widget\" data-e-type=\"widget\" data-widget_type=\"text-editor.default\">\n\t\t\t\t<div class=\"elementor-widget-container\">\n\t\t\t\t\t\t\t\t\t<ul><li><strong>Korkealaatuinen valmistus:<\/strong> Peltity\u00f6mme t\u00e4ytt\u00e4v\u00e4t teollisuusstandardit ja on suunniteltu kest\u00e4m\u00e4\u00e4n.<\/li><li><strong>Nykyaikainen teknologia:<\/strong> K\u00e4yt\u00e4mme uusinta laitteistoa tarjotaksemme parhaita ratkaisuja.<\/li><li><strong>R\u00e4\u00e4t\u00e4l\u00f6idyt ratkaisut:<\/strong> Valmistamme pellit projektisi ja tarpeidesi mukaan.<\/li><li><strong>Sijainti ja logistiikka:<\/strong> Laagrissa sijaitseva peltiverstas takaa nopean tuotannon ja toimituksen Tallinnan alueella ja koko Virossa.<\/li><\/ul>\t\t\t\t\t\t\t\t<\/div>\n\t\t\t\t<\/div>\n\t\t\t\t<div class=\"elementor-element elementor-element-049931f elementor-widget elementor-widget-shortcode\" data-id=\"049931f\" data-element_type=\"widget\" data-e-type=\"widget\" data-widget_type=\"shortcode.default\">\n\t\t\t\t<div class=\"elementor-widget-container\">\n\t\t\t\t\t\t\t<div class=\"elementor-shortcode\">\t\t<div data-elementor-type=\"section\" data-elementor-id=\"1875\" class=\"elementor elementor-1875\">\n\t\t\t\t<div class=\"elementor-element elementor-element-32bf926 e-flex e-con-boxed e-con e-parent\" data-id=\"32bf926\" data-element_type=\"container\" data-e-type=\"container\" data-settings=\"{&quot;jet_parallax_layout_list&quot;:[]}\">\n\t\t\t\t\t<div class=\"e-con-inner\">\n\t\t\t\t<div class=\"elementor-element elementor-element-4509f5d raven-marquee-horizontal raven-marquee-direction-left elementor-widget elementor-widget-raven-content-marquee\" data-id=\"4509f5d\" data-element_type=\"widget\" data-e-type=\"widget\" data-widget_type=\"raven-content-marquee.default\">\n\t\t\t\t<div class=\"elementor-widget-container\">\n\t\t\t\t\t\t\t<div class=\"raven-content-marquee-container\">\n\t\t\t<div class=\"raven-content-marquee\">\n\t\t\t\t<div class=\"raven-marquee-left-gradient-overlay\"><\/div>\t\t\t\t<div class=\"raven-content-marquee-items-wrapper\">\n\t\t\t\t\t\t\t<div class=\"raven-marquee-item-has-link raven-marquee-item elementor-repeater-item-88e075b elementor-repeater-item-type-image\" id=\"item_88e075b\">\n\t\t\t<a href=\"https:\/\/tarkvarapood.ee\" target=\"_blank\" rel=\"noopener\"><img decoding=\"async\" width=\"300\" height=\"108\" src=\"https:\/\/btisolatsioon.ee\/wp-content\/uploads\/2024\/12\/Tarkvarapood.webp\" class=\"attachment-medium size-medium wp-image-2546\" alt=\"\" \/><\/a>\t\t<\/div>\n\t\t\t\t<div class=\"raven-marquee-item-has-link raven-marquee-item elementor-repeater-item-8323b66 elementor-repeater-item-type-image\" id=\"item_8323b66\">\n\t\t\t<a href=\"https:\/\/www.jouanel.com\/en\/\" target=\"_blank\" rel=\"noopener\"><img decoding=\"async\" width=\"300\" height=\"108\" src=\"https:\/\/btisolatsioon.ee\/wp-content\/uploads\/2024\/11\/Jouanel.webp\" class=\"attachment-medium size-medium wp-image-2288\" alt=\"\" \/><\/a>\t\t<\/div>\n\t\t\t\t<div class=\"raven-marquee-item-has-link raven-marquee-item elementor-repeater-item-6c06cb9 elementor-repeater-item-type-image\" id=\"item_6c06cb9\">\n\t\t\t<a href=\"https:\/\/www.rockwool.com\/ee\/\" target=\"_blank\" rel=\"noopener\"><img decoding=\"async\" width=\"300\" height=\"108\" src=\"https:\/\/btisolatsioon.ee\/wp-content\/uploads\/2024\/11\/Rockwool.webp\" class=\"attachment-medium size-medium wp-image-2291\" alt=\"\" \/><\/a>\t\t<\/div>\n\t\t\t\t<div class=\"raven-marquee-item-has-link raven-marquee-item elementor-repeater-item-91bb31f elementor-repeater-item-type-image\" id=\"item_91bb31f\">\n\t\t\t<a href=\"https:\/\/www.paroc.com\/et-ee\" target=\"_blank\" rel=\"noopener\"><img loading=\"lazy\" decoding=\"async\" width=\"300\" height=\"108\" src=\"https:\/\/btisolatsioon.ee\/wp-content\/uploads\/2024\/11\/Paroc.webp\" class=\"attachment-medium size-medium wp-image-2294\" alt=\"\" \/><\/a>\t\t<\/div>\n\t\t\t\t<div class=\"raven-marquee-item-has-link raven-marquee-item elementor-repeater-item-6d7bf23 elementor-repeater-item-type-image\" id=\"item_6d7bf23\">\n\t\t\t<a href=\"https:\/\/www.makita.ee\/\" target=\"_blank\" rel=\"noopener\"><img loading=\"lazy\" decoding=\"async\" width=\"300\" height=\"108\" src=\"https:\/\/btisolatsioon.ee\/wp-content\/uploads\/2024\/11\/Makita.webp\" class=\"attachment-medium size-medium wp-image-2297\" alt=\"\" \/><\/a>\t\t<\/div>\n\t\t\t\t<div class=\"raven-marquee-item-has-link raven-marquee-item elementor-repeater-item-edf6a2e elementor-repeater-item-type-image\" id=\"item_edf6a2e\">\n\t\t\t<a href=\"https:\/\/www.tacke-lindemann.de\/en\/\" target=\"_blank\" rel=\"noopener\"><img loading=\"lazy\" decoding=\"async\" width=\"300\" height=\"108\" src=\"https:\/\/btisolatsioon.ee\/wp-content\/uploads\/2024\/11\/Tacke-Lindemann.webp\" class=\"attachment-medium size-medium wp-image-2300\" alt=\"\" \/><\/a>\t\t<\/div>\n\t\t\t\t\t\t<\/div>\n\t\t\t\t<div class=\"raven-content-marquee-items-wrapper raven-duplicated-content\">\n\t\t\t\t\t\t\t<div class=\"raven-marquee-item-has-link raven-marquee-item elementor-repeater-item-88e075b elementor-repeater-item-type-image\" id=\"item_88e075b\">\n\t\t\t<a href=\"https:\/\/tarkvarapood.ee\" target=\"_blank\" rel=\"noopener\"><img decoding=\"async\" width=\"300\" height=\"108\" src=\"https:\/\/btisolatsioon.ee\/wp-content\/uploads\/2024\/12\/Tarkvarapood.webp\" class=\"attachment-medium size-medium wp-image-2546\" alt=\"\" \/><\/a>\t\t<\/div>\n\t\t\t\t<div class=\"raven-marquee-item-has-link raven-marquee-item elementor-repeater-item-8323b66 elementor-repeater-item-type-image\" id=\"item_8323b66\">\n\t\t\t<a href=\"https:\/\/www.jouanel.com\/en\/\" target=\"_blank\" rel=\"noopener\"><img decoding=\"async\" width=\"300\" height=\"108\" src=\"https:\/\/btisolatsioon.ee\/wp-content\/uploads\/2024\/11\/Jouanel.webp\" class=\"attachment-medium size-medium wp-image-2288\" alt=\"\" \/><\/a>\t\t<\/div>\n\t\t\t\t<div class=\"raven-marquee-item-has-link raven-marquee-item elementor-repeater-item-6c06cb9 elementor-repeater-item-type-image\" id=\"item_6c06cb9\">\n\t\t\t<a href=\"https:\/\/www.rockwool.com\/ee\/\" target=\"_blank\" rel=\"noopener\"><img decoding=\"async\" width=\"300\" height=\"108\" src=\"https:\/\/btisolatsioon.ee\/wp-content\/uploads\/2024\/11\/Rockwool.webp\" class=\"attachment-medium size-medium wp-image-2291\" alt=\"\" \/><\/a>\t\t<\/div>\n\t\t\t\t<div class=\"raven-marquee-item-has-link raven-marquee-item elementor-repeater-item-91bb31f elementor-repeater-item-type-image\" id=\"item_91bb31f\">\n\t\t\t<a href=\"https:\/\/www.paroc.com\/et-ee\" target=\"_blank\" rel=\"noopener\"><img loading=\"lazy\" decoding=\"async\" width=\"300\" height=\"108\" src=\"https:\/\/btisolatsioon.ee\/wp-content\/uploads\/2024\/11\/Paroc.webp\" class=\"attachment-medium size-medium wp-image-2294\" alt=\"\" \/><\/a>\t\t<\/div>\n\t\t\t\t<div class=\"raven-marquee-item-has-link raven-marquee-item elementor-repeater-item-6d7bf23 elementor-repeater-item-type-image\" id=\"item_6d7bf23\">\n\t\t\t<a href=\"https:\/\/www.makita.ee\/\" target=\"_blank\" rel=\"noopener\"><img loading=\"lazy\" decoding=\"async\" width=\"300\" height=\"108\" src=\"https:\/\/btisolatsioon.ee\/wp-content\/uploads\/2024\/11\/Makita.webp\" class=\"attachment-medium size-medium wp-image-2297\" alt=\"\" \/><\/a>\t\t<\/div>\n\t\t\t\t<div class=\"raven-marquee-item-has-link raven-marquee-item elementor-repeater-item-edf6a2e elementor-repeater-item-type-image\" id=\"item_edf6a2e\">\n\t\t\t<a href=\"https:\/\/www.tacke-lindemann.de\/en\/\" target=\"_blank\" rel=\"noopener\"><img loading=\"lazy\" decoding=\"async\" width=\"300\" height=\"108\" src=\"https:\/\/btisolatsioon.ee\/wp-content\/uploads\/2024\/11\/Tacke-Lindemann.webp\" class=\"attachment-medium size-medium wp-image-2300\" alt=\"\" \/><\/a>\t\t<\/div>\n\t\t\t\t\t\t<\/div>\n\t\t\t\t<div class=\"raven-marquee-right-gradient-overlay\"><\/div>\t\t\t<\/div>\n\t\t<\/div>\n\t\t\t\t\t\t<\/div>\n\t\t\t\t<\/div>\n\t\t\t\t\t<\/div>\n\t\t\t\t<\/div>\n\t\t\t\t<\/div>\n\t\t<\/div>\n\t\t\t\t\t\t<\/div>\n\t\t\t\t<\/div>\n\t\t\t\t<div class=\"elementor-element elementor-element-f2bf796 elementor-widget elementor-widget-heading\" data-id=\"f2bf796\" data-element_type=\"widget\" data-e-type=\"widget\" data-widget_type=\"heading.default\">\n\t\t\t\t<div class=\"elementor-widget-container\">\n\t\t\t\t\t<h2 class=\"elementor-heading-title elementor-size-default\">Tilaa Peltip\u00e4\u00e4llysteet ja Peltity\u00f6t BTI:n Ammattilaisilta <\/h2>\t\t\t\t<\/div>\n\t\t\t\t<\/div>\n\t\t\t\t<div class=\"elementor-element elementor-element-d031ba5 elementor-widget elementor-widget-text-editor\" data-id=\"d031ba5\" data-element_type=\"widget\" data-e-type=\"widget\" data-widget_type=\"text-editor.default\">\n\t\t\t\t<div class=\"elementor-widget-container\">\n\t\t\t\t\t\t\t\t\t<p>Kokemuksemme ja korkealaatuinen ty\u00f6nj\u00e4lkemme takaavat asiakastyytyv\u00e4isyyden. Ota meihin yhteytt\u00e4 keskustellaksesi tarpeistasi ja l\u00f6yt\u00e4\u00e4ksesi parhaat ratkaisut ilmanvaihto- tai putkistoj\u00e4rjestelmille. Tilaa korkealaatuiset peltip\u00e4\u00e4llysteet, jotka t\u00e4ytt\u00e4v\u00e4t projektisi korkeimmat vaatimukset!\u00a0<a href=\"https:\/\/btisolatsioon.ee\/fi\/bti-yhteystiedot\/\" target=\"_blank\" rel=\"noopener\">BTI Yhteystiedot<\/a><\/p><p>Tutustu alla oleviin peltip\u00e4\u00e4llystevaihtoehtoihin!<\/p>\t\t\t\t\t\t\t\t<\/div>\n\t\t\t\t<\/div>\n\t\t\t\t<div class=\"elementor-element elementor-element-448968c elementor-widget elementor-widget-heading\" data-id=\"448968c\" data-element_type=\"widget\" data-e-type=\"widget\" data-widget_type=\"heading.default\">\n\t\t\t\t<div class=\"elementor-widget-container\">\n\t\t\t\t\t<h3 class=\"elementor-heading-title elementor-size-default\">1. L\u00e4mmitys- ja vesiputkien peltip\u00e4\u00e4llysteet<\/h3>\t\t\t\t<\/div>\n\t\t\t\t<\/div>\n\t\t\t\t<div class=\"elementor-element elementor-element-64dc69e elementor-widget elementor-widget-jet-listing-grid\" data-id=\"64dc69e\" data-element_type=\"widget\" data-e-type=\"widget\" data-settings=\"{&quot;columns&quot;:&quot;3&quot;,&quot;columns_tablet&quot;:&quot;2&quot;,&quot;columns_mobile&quot;:&quot;1&quot;}\" data-widget_type=\"jet-listing-grid.default\">\n\t\t\t\t<div class=\"elementor-widget-container\">\n\t\t\t\t\t<div class=\"jet-listing-grid jet-listing-grid--lazy-load jet-listing jet-listing-grid-loading\" data-lazy-load=\"{&quot;offset&quot;:&quot;0px&quot;,&quot;post_id&quot;:3829,&quot;queried_id&quot;:&quot;3829|WP_Post&quot;}\"><div class=\"jet-listing-grid__loader\"><div class=\"jet-listing-grid__loader-spinner\"><\/div><\/div><\/div>\t\t\t\t<\/div>\n\t\t\t\t<\/div>\n\t\t\t\t<div class=\"elementor-element elementor-element-0719904 elementor-widget elementor-widget-heading\" data-id=\"0719904\" data-element_type=\"widget\" data-e-type=\"widget\" data-widget_type=\"heading.default\">\n\t\t\t\t<div class=\"elementor-widget-container\">\n\t\t\t\t\t<h3 class=\"elementor-heading-title elementor-size-default\">2. Ilmanvaihtokanavien peltip\u00e4\u00e4llysteet<\/h3>\t\t\t\t<\/div>\n\t\t\t\t<\/div>\n\t\t\t\t<div class=\"elementor-element elementor-element-daee197 elementor-widget elementor-widget-jet-listing-grid\" data-id=\"daee197\" data-element_type=\"widget\" data-e-type=\"widget\" data-settings=\"{&quot;columns&quot;:&quot;3&quot;,&quot;columns_tablet&quot;:&quot;2&quot;,&quot;columns_mobile&quot;:&quot;1&quot;}\" data-widget_type=\"jet-listing-grid.default\">\n\t\t\t\t<div class=\"elementor-widget-container\">\n\t\t\t\t\t<div class=\"jet-listing-grid jet-listing-grid--lazy-load jet-listing jet-listing-grid-loading\" data-lazy-load=\"{&quot;offset&quot;:&quot;0px&quot;,&quot;post_id&quot;:3829,&quot;queried_id&quot;:&quot;3829|WP_Post&quot;}\"><div class=\"jet-listing-grid__loader\"><div class=\"jet-listing-grid__loader-spinner\"><\/div><\/div><\/div>\t\t\t\t<\/div>\n\t\t\t\t<\/div>\n\t\t\t\t<div class=\"elementor-element elementor-element-b5a888d elementor-widget elementor-widget-heading\" data-id=\"b5a888d\" data-element_type=\"widget\" data-e-type=\"widget\" data-widget_type=\"heading.default\">\n\t\t\t\t<div class=\"elementor-widget-container\">\n\t\t\t\t\t<h3 class=\"elementor-heading-title elementor-size-default\">3. Suorakulmainen kanava<\/h3>\t\t\t\t<\/div>\n\t\t\t\t<\/div>\n\t\t\t\t<div class=\"elementor-element elementor-element-6122c21 elementor-widget elementor-widget-jet-listing-grid\" data-id=\"6122c21\" data-element_type=\"widget\" data-e-type=\"widget\" data-settings=\"{&quot;columns&quot;:&quot;3&quot;,&quot;columns_tablet&quot;:&quot;2&quot;,&quot;columns_mobile&quot;:&quot;1&quot;}\" data-widget_type=\"jet-listing-grid.default\">\n\t\t\t\t<div class=\"elementor-widget-container\">\n\t\t\t\t\t<div class=\"jet-listing-grid jet-listing-grid--lazy-load jet-listing jet-listing-grid-loading\" data-lazy-load=\"{&quot;offset&quot;:&quot;0px&quot;,&quot;post_id&quot;:3829,&quot;queried_id&quot;:&quot;3829|WP_Post&quot;}\"><div class=\"jet-listing-grid__loader\"><div class=\"jet-listing-grid__loader-spinner\"><\/div><\/div><\/div>\t\t\t\t<\/div>\n\t\t\t\t<\/div>\n\t\t\t\t<div class=\"elementor-element elementor-element-ff89201 elementor-widget elementor-widget-heading\" data-id=\"ff89201\" data-element_type=\"widget\" data-e-type=\"widget\" data-widget_type=\"heading.default\">\n\t\t\t\t<div class=\"elementor-widget-container\">\n\t\t\t\t\t<h3 class=\"elementor-heading-title elementor-size-default\">PDF-tiedostot<\/h3>\t\t\t\t<\/div>\n\t\t\t\t<\/div>\n\t\t\t\t<div class=\"elementor-element elementor-element-d5b6d7e elementor-widget elementor-widget-text-editor\" data-id=\"d5b6d7e\" data-element_type=\"widget\" data-e-type=\"widget\" data-widget_type=\"text-editor.default\">\n\t\t\t\t<div class=\"elementor-widget-container\">\n\t\t\t\t\t\t\t\t\t<p><strong><a href=\"https:\/\/btisolatsioon.ee\/wp-content\/uploads\/2024\/12\/Ventilatsioonisusteemide-kandilise-torustiku-kataloog.pdf\">BTI &#8211; Ilmanvaihtoj\u00e4rjestelmien suorakulmaisten kanavien luettelo.pdf<\/a><\/strong><\/p><p><strong><a href=\"https:\/\/btisolatsioon.ee\/wp-content\/uploads\/2024\/12\/vastavusdeklaratsioon-1.pdf\" target=\"_blank\" rel=\"noopener\">BTI \u2013 Vaatimustenmukaisuusvakuutus.pdf<\/a><\/strong><\/p>\t\t\t\t\t\t\t\t<\/div>\n\t\t\t\t<\/div>\n\t\t\t\t\t<\/div>\n\t\t\t\t<\/div>\n\t\t\t\t<\/div>\n\t\t","protected":false},"excerpt":{"rendered":"<p>Korkealaatuiset eristeiden peltip\u00e4\u00e4llysteet ja peltity\u00f6t Kokonaisvaltaiset ratkaisut eristeiden peltip\u00e4\u00e4llysteille ja peltit\u00f6ille Tallinnan l\u00e4hell\u00e4 Laagrissa sijaitsee 1 000 m\u00b2 kokoinen nykyaikainen peltiverstas, joka on varustettu edistyneell\u00e4 teknologialla ja keskittyy korkealaatuisten ilmanvaihtokanavien ja eristeiden peltip\u00e4\u00e4llysteiden valmistukseen. Olemme erikoistuneet tuotteisiin, jotka t\u00e4ytt\u00e4v\u00e4t sek\u00e4 teollisuuden ett\u00e4 kotitalouksien korkeimmat standardit. Kokeneet ammattilaisemme valmistavat pellit tarkasti tarpeidesi mukaan. P\u00e4\u00e4tuotteemme ja -palvelumme [&hellip;]<\/p>\n","protected":false},"author":1,"featured_media":0,"parent":0,"menu_order":0,"comment_status":"closed","ping_status":"closed","template":"elementor_header_footer","meta":{"_acf_changed":false,"footnotes":""},"class_list":["post-3829","page","type-page","status-publish","hentry"],"acf":[],"_links":{"self":[{"href":"https:\/\/btisolatsioon.ee\/fi\/wp-json\/wp\/v2\/pages\/3829","targetHints":{"allow":["GET"]}}],"collection":[{"href":"https:\/\/btisolatsioon.ee\/fi\/wp-json\/wp\/v2\/pages"}],"about":[{"href":"https:\/\/btisolatsioon.ee\/fi\/wp-json\/wp\/v2\/types\/page"}],"author":[{"embeddable":true,"href":"https:\/\/btisolatsioon.ee\/fi\/wp-json\/wp\/v2\/users\/1"}],"replies":[{"embeddable":true,"href":"https:\/\/btisolatsioon.ee\/fi\/wp-json\/wp\/v2\/comments?post=3829"}],"version-history":[{"count":8,"href":"https:\/\/btisolatsioon.ee\/fi\/wp-json\/wp\/v2\/pages\/3829\/revisions"}],"predecessor-version":[{"id":7212,"href":"https:\/\/btisolatsioon.ee\/fi\/wp-json\/wp\/v2\/pages\/3829\/revisions\/7212"}],"wp:attachment":[{"href":"https:\/\/btisolatsioon.ee\/fi\/wp-json\/wp\/v2\/media?parent=3829"}],"curies":[{"name":"wp","href":"https:\/\/api.w.org\/{rel}","templated":true}]}}